{"id":26671,"date":"2025-02-25T01:26:47","date_gmt":"2025-02-24T23:26:47","guid":{"rendered":"https:\/\/togosunny.com\/showcase-togo-presentation-and-its-community-immersion\/"},"modified":"2025-12-20T01:39:28","modified_gmt":"2025-12-19T23:39:28","slug":"showcase-togo-esitlus-ja-kogukond-immersioon-immersion","status":"publish","type":"product","link":"https:\/\/www.togosunny.com\/et\/showcase-togo-esitlus-ja-kogukond-immersioon-immersion\/","title":{"rendered":"Showcase Togo esitlus ja kogukond &#8211; Immersioon (Immersion)"},"content":{"rendered":"<h2>Showcase Togo esitlus ja kogukond \u2014 Immersioon<\/h2>\n<p><strong>Miks see on oluline:<\/strong> M\u00f5ned publikud tahavad enamat kui infot \u2014 nad tahavad kultuuri p\u00e4riselt kogeda, tunda selle energiat ja saada meeldej\u00e4\u00e4v elamus.<\/p>\n<p><strong>Probleem:<\/strong> Ainult \u201cjutu\u201d vormis esitlus v\u00f5ib olla huvitav, kuid ei anna alati edasi oodatud r\u00fctmi, energiat ja kultuurilist s\u00fcgavust.<\/p>\n<p><strong>Lahendus:<\/strong> Immersioon on t\u00e4iselamus: \u201csignature\u201d esitlus, live Q ja A, interaktiivne osa ning l\u00f5petuseks l\u00fchike live-l\u00f6\u00f6kpillishow.<\/p>\n<ul>\n<li><strong>Kestus:<\/strong> 1 tund kuni 1 tund 30<\/li>\n<li><strong>\u201cSignature\u201d showcase-esitlus:<\/strong> \u2705<\/li>\n<li><strong>Q ja A (k\u00fcsimused-vastused) otse:<\/strong> \u2705<\/li>\n<li><strong>Interaktiivne osa:<\/strong> \u2705<\/li>\n<li><strong>Kokkuv\u00f5te kaasa \/ j\u00e4relkokkuv\u00f5te:<\/strong> \u2705<\/li>\n<li><strong>V\u00e4rskendused:<\/strong>\n<ul>\n<li>1 klaas <strong>bissapi<\/strong> mahla (hibiskus, ananass, sidrunhein, basiilik ja ingver)<\/li>\n<li>1 klaas <strong>baobabi<\/strong>jooki (baobabi pulber\/pulp + sidrunhein + basiilik + piima)<\/li>\n<\/ul>\n<\/li>\n<li><strong>L\u00f5petuseks:<\/strong> v\u00e4ike live-l\u00f6\u00f6kpillishow (7 min)<\/li>\n<\/ul>\n<p><strong>Kellele?<\/strong> Eraisikutele ja organisatsioonidele (juriidilised isikud).<\/p>\n<p><strong>Broneeri:<\/strong> V\u00f5ta meiega \u00fchendust, kl\u00f5psates all <strong>Contact<\/strong> v\u00f5i <strong>WhatsApp<\/strong> nupul.<\/p>\n<p><strong>T\u00e4htis:<\/strong> Arve, mille saadame, tuleb tasuda <strong>enne<\/strong> programmi toimumist.<\/p>\n","protected":false},"excerpt":{"rendered":"<p><strong>Hind:<\/strong> 60 \u20ac\/inimene \u2022 <strong>Grupp 12:<\/strong> 720 \u20ac (<strong>+15 \u20ac s\u00f5it<\/strong> = 735 \u20ac)<\/p>\n<ul>\n<li><strong>Kestus:<\/strong> 1 tund kuni 1 tund 30 \u2705<\/li>\n<li><strong>\u201cSignature\u201d showcase-esitlus:<\/strong> \u2705<\/li>\n<li><strong>Q&amp;A (k\u00fcsimused-vastused) otse:<\/strong> \u2705<\/li>\n<li><strong>Interaktiivne osa:<\/strong> \u2705<\/li>\n<li><strong>Kokkuv\u00f5te kaasa \/ j\u00e4relkokkuv\u00f5te:<\/strong> \u2705<\/li>\n<li><strong>V\u00e4rskendused:<\/strong> \u2705\n<ul>\n<li>1 klaas bissapi mahla (hibiskus, ananass, sidrunhein, basiilik &amp; ingver)<\/li>\n<li>1 klaas baobabijooki (baobabi pulber\/pulp + sidrunhein + basiilik + piima)<\/li>\n<\/ul>\n<\/li>\n<li><strong>L\u00f5petuseks:<\/strong> v\u00e4ike live-l\u00f6\u00f6kpillishow (7 min) \u2705<\/li>\n<\/ul>\n<p><em>S\u00f5idulisatasu:<\/em> +15 \u20ac broneeringu kohta, kui on vaja s\u00f5ita \u00fcle Eesti.<\/p>\n","protected":false},"featured_media":26670,"comment_status":"open","ping_status":"closed","template":"","meta":[],"product_brand":[],"product_cat":[846],"product_tag":[],"class_list":{"0":"post-26671","1":"product","2":"type-product","3":"status-publish","4":"has-post-thumbnail","6":"product_cat--kultuurivitrine-togo-ja-selle-kogukonna-esitlused","8":"first","9":"instock","10":"shipping-taxable","11":"product-type-simple"},"_links":{"self":[{"href":"https:\/\/www.togosunny.com\/et\/wp-json\/wp\/v2\/product\/26671","targetHints":{"allow":["GET"]}}],"collection":[{"href":"https:\/\/www.togosunny.com\/et\/wp-json\/wp\/v2\/product"}],"about":[{"href":"https:\/\/www.togosunny.com\/et\/wp-json\/wp\/v2\/types\/product"}],"replies":[{"embeddable":true,"href":"https:\/\/www.togosunny.com\/et\/wp-json\/wp\/v2\/comments?post=26671"}],"wp:featuredmedia":[{"embeddable":true,"href":"https:\/\/www.togosunny.com\/et\/wp-json\/wp\/v2\/media\/26670"}],"wp:attachment":[{"href":"https:\/\/www.togosunny.com\/et\/wp-json\/wp\/v2\/media?parent=26671"}],"wp:term":[{"taxonomy":"product_brand","embeddable":true,"href":"https:\/\/www.togosunny.com\/et\/wp-json\/wp\/v2\/product_brand?post=26671"},{"taxonomy":"product_cat","embeddable":true,"href":"https:\/\/www.togosunny.com\/et\/wp-json\/wp\/v2\/product_cat?post=26671"},{"taxonomy":"product_tag","embeddable":true,"href":"https:\/\/www.togosunny.com\/et\/wp-json\/wp\/v2\/product_tag?post=26671"}],"curies":[{"name":"wp","href":"https:\/\/api.w.org\/{rel}","templated":true}]}}