{"id":27354,"date":"2025-03-04T22:40:07","date_gmt":"2025-03-04T20:40:07","guid":{"rendered":"https:\/\/togosunny.com\/avokaadooli-100-naturaalne-60-ml\/"},"modified":"2026-03-13T20:02:20","modified_gmt":"2026-03-13T18:02:20","slug":"avokaadooli-100-naturaalne-60-ml","status":"publish","type":"product","link":"https:\/\/www.togosunny.com\/et\/avokaadooli-100-naturaalne-60-ml\/","title":{"rendered":"Avokaado\u00f5li 100% naturaalne &#8211; 60 ml"},"content":{"rendered":"<h4><strong>Avokaado taime\u00f5li omadused<\/strong><\/h4>\n<h4><strong>Kosmeetilise koostisosana nahale<\/strong> on avokaado taime\u00f5li tuntud j\u00e4rgmiste omaduste poolest:<\/h4>\n<ul>\n<li>Pehmendav, kaitsev ja v\u00e4ga \u00f5rn \u2013 taastab naha elastsuse ja mugavustunde ning hooldab \u00f5rna nahka<\/li>\n<li>Taastav ja struktuuri parandav \u2013 aitab v\u00f5idelda naha vananemise m\u00e4rkidega<\/li>\n<li>Toidab nahka ja kaitseb seda v\u00e4liste m\u00f5jude eest (k\u00fclm, tuul jne)<\/li>\n<li>Parandav ja rahustav \u2013 sobib eriti h\u00e4sti ebamugavusele kalduvale nahale ning aitab v\u00f5idelda venitusarmidega<\/li>\n<li>Annab seepidele pehmuse ja kreemja tekstuuri<\/li>\n<\/ul>\n<h4><strong>Juuste hoolduse koostisosana<\/strong> on orgaaniline avokaado\u00f5li tuntud j\u00e4rgmiste omaduste poolest:<\/h4>\n<ul>\n<li>Juuste ilustajana annab see juustele l\u00e4iget ja tugevust<\/li>\n<li>Tuntud juuste kasvu stimuleeriva toime poolest<\/li>\n<\/ul>\n<h4><strong>N\u00e4idustused nahale<\/strong><\/h4>\n<ul>\n<li>Kuiv, eluj\u00f5uetu, ketendav v\u00f5i l\u00f5tv nahk<\/li>\n<li>\u00d5rn nahk (kael, silma\u00fcmbrus)<\/li>\n<li>K\u00fcps nahk<\/li>\n<li>Aitab v\u00f5idelda venitusarmidega<\/li>\n<\/ul>\n<h4><strong>N\u00e4idustused juustele<\/strong><\/h4>\n<ul>\n<li>Tuhmid ja kuivad juuksed<\/li>\n<li>Juuste kasvu toetamine<\/li>\n<\/ul>\n<h4><strong>Kasutamine nahale<\/strong><\/h4>\n<p>&#8211; Kasuta koostisosana oma valmististes:<\/p>\n<p>&#8211; Kaitsev hooldus tundlikule ja \u00f5rnale nahale (n\u00e4gu, kael, silma\u00fcmbrus&#8230;)<\/p>\n<p>&#8211; Kortsudevastased valmistised kuivale ja k\u00fcpsele nahale<\/p>\n<p>&#8211; Taastavad kreemid kuivadele k\u00e4tele<\/p>\n<p>&#8211; Ennetav ja raviv hooldus venitusarmide vastu<\/p>\n<p>&#8211; \u00d5rnade seepide valmistamine<\/p>\n<h4><strong>Kasutamine juustele<\/strong><\/h4>\n<p>&#8211; Kasuta koostisosana oma valmististes:<\/p>\n<p>&#8211; Juukse\u00f5lid ja palsamid, mis tugevdavad ja stimuleerivad hapraid ja kuivi juukseid<\/p>\n<p>&#8211; Toniseeriv ja tugevdav juuksehooldus<\/p>\n<p>&#8211; Hoolduskreemid ja maskid hapratele juustele<\/p>\n<p>\u26a0\ufe0f \u00dclaltoodud omadused, n\u00e4idustused ja kasutusviisid on p\u00e4rit aromateraapia, h\u00fcdrolateraapia ja f\u00fctoteraapia k\u00e4siraamatutest v\u00f5i veebiallikatest. See \u00fcldine teave on esitatud ainult informatiivsel eesm\u00e4rgil ega kujuta endast meditsiinilist teavet. Seda ei saa mingil juhul kasutada diagnoosi, arsti konsultatsiooni v\u00f5i meditsiinilise j\u00e4lgimise asendajana ega too kaasa meie vastutust. Kahtluse korral soovitame enne eeterlike \u00f5lide kasutamist konsulteerida arstiga.<\/p>\n<p><a href=\"https:\/\/togosunny.com\/et\/oli-ja-kreem-avokaado-bioloogiline\/\" target=\"_blank\" rel=\"noopener\">Loe rohkem \u00f5li ja kreem avokaado kohta<\/a><\/p>\n","protected":false},"excerpt":{"rendered":"<p data-start=\"681\" data-end=\"957\">Avokaado taime\u00f5li on suurep\u00e4rane vananemisvastane, toitev, kaitsev ja taastav toimeaine. See sobib suurep\u00e4raselt hooldustoodete valmistamiseks kuivale v\u00f5i k\u00fcpsele nahale ning ka juuksehoolduseks. Seda kasutatakse puhtal kujul, ilma teiste \u00f5lide lisamiseta.<\/p>\n<p data-start=\"959\" data-end=\"1168\">Togos kasvatatud ja toodetud avokaadodest saadakse \u00f5li avokaado viljalihast. Seda peetakse \u00fcheks parimaks \u00f5liks maailmas ning see on hinnatud kosmeetilises kasutuses t\u00e4nu oma paljudele kasulikele omadustele.<\/p>\n<p data-start=\"1170\" data-end=\"1267\" data-is-last-node=\"\" data-is-only-node=\"\">Meie \u00f5li on <strong data-start=\"1182\" data-end=\"1246\">puhas, ehtne, tervislik ja kontsentreeritud 100% avokaado\u00f5li<\/strong>, k\u00f5rge kvaliteediga.<\/p>\n","protected":false},"featured_media":27353,"comment_status":"open","ping_status":"closed","template":"","meta":[],"product_brand":[],"product_cat":[858,860,862],"product_tag":[993,998,996,1000,997,994,1003,999,1002,1001,995,1004],"class_list":{"0":"post-27354","1":"product","2":"type-product","3":"status-publish","4":"has-post-thumbnail","6":"product_cat---puhas-ja-rafineerimata-oli","7":"product_cat--aafrika-troopilised-toiduolid","8":"product_cat--eeterlikud-ja-aromaatsed-olid","9":"product_tag-aafrika","10":"product_tag-aafrika-basiilik","11":"product_tag-aromaatne","12":"product_tag-avokaado","13":"product_tag-destillaat","14":"product_tag-eeterlik","15":"product_tag-ekstrakt","16":"product_tag-kaneel","17":"product_tag-kokoos","18":"product_tag-moringa","19":"product_tag-olid","20":"product_tag-togosunnyoli-2","22":"first","23":"instock","24":"shipping-taxable","25":"purchasable","26":"product-type-simple"},"_links":{"self":[{"href":"https:\/\/www.togosunny.com\/et\/wp-json\/wp\/v2\/product\/27354","targetHints":{"allow":["GET"]}}],"collection":[{"href":"https:\/\/www.togosunny.com\/et\/wp-json\/wp\/v2\/product"}],"about":[{"href":"https:\/\/www.togosunny.com\/et\/wp-json\/wp\/v2\/types\/product"}],"replies":[{"embeddable":true,"href":"https:\/\/www.togosunny.com\/et\/wp-json\/wp\/v2\/comments?post=27354"}],"wp:featuredmedia":[{"embeddable":true,"href":"https:\/\/www.togosunny.com\/et\/wp-json\/wp\/v2\/media\/27353"}],"wp:attachment":[{"href":"https:\/\/www.togosunny.com\/et\/wp-json\/wp\/v2\/media?parent=27354"}],"wp:term":[{"taxonomy":"product_brand","embeddable":true,"href":"https:\/\/www.togosunny.com\/et\/wp-json\/wp\/v2\/product_brand?post=27354"},{"taxonomy":"product_cat","embeddable":true,"href":"https:\/\/www.togosunny.com\/et\/wp-json\/wp\/v2\/product_cat?post=27354"},{"taxonomy":"product_tag","embeddable":true,"href":"https:\/\/www.togosunny.com\/et\/wp-json\/wp\/v2\/product_tag?post=27354"}],"curies":[{"name":"wp","href":"https:\/\/api.w.org\/{rel}","templated":true}]}}