{"id":27412,"date":"2025-02-01T22:36:47","date_gmt":"2025-02-01T20:36:47","guid":{"rendered":"https:\/\/togosunny.com\/kookosoli-100-looduslik-2\/"},"modified":"2026-03-14T20:03:24","modified_gmt":"2026-03-14T18:03:24","slug":"kookosoli-100-looduslik-2","status":"publish","type":"product","link":"https:\/\/www.togosunny.com\/et\/kookosoli-100-looduslik-2\/","title":{"rendered":"Kookos\u00f5li 100% looduslik"},"content":{"rendered":"<h4><strong>Kookose taime\u00f5li omadused<\/strong><\/h4>\n<h4><strong>Kosmeetilise koostisosana<\/strong> on orgaaniline kookose taime\u00f5li tuntud j\u00e4rgmiste omaduste poolest:<\/h4>\n<ul>\n<li>\u00d5rna ja loomuliku l\u00f5hnaga \u2013 see kookos\u00f5li on valitud oma v\u00e4ga pehme aroomi t\u00f5ttu, mis s\u00e4ilitab kookose meeldiva l\u00f5hna (ilma r\u00e4\u00e4sunud l\u00f5hnata).<\/li>\n<li>V\u00e4ga toitev \u2013 kookos\u00f5li aitab m\u00e4rkimisv\u00e4\u00e4rselt v\u00e4hendada naha kuivust.<\/li>\n<li>Rahustav ja \u00f5rn \u2013 aitab leevendada nahka, mis on p\u00e4ikese t\u00f5ttu punetav v\u00f5i \u00fclekuumenenud.<\/li>\n<li>Laialdaselt kasutatav seebivalmistamises \u2013 lisab seepidele vahutavust, puhastavat toimet ja k\u00f5vadust.<\/li>\n<\/ul>\n<h4><strong>Juuksehoolduse koostisosana<\/strong> on orgaaniline kookose taime\u00f5li tuntud j\u00e4rgmiste omaduste poolest:<\/h4>\n<ul>\n<li>Toidab ja silub juuksekiudu, j\u00e4ttes juuksed l\u00e4ikivaks ja tugevaks<\/li>\n<li>Annab juustele meeldiva kookose l\u00f5hna<\/li>\n<li>Traditsiooniliselt kasutatud t\u00e4ide eemaldamiseks (l\u00e4mmatamise teel)<\/li>\n<\/ul>\n<div class=\"container__description\">\n<h4><strong>Toiduvalmistamise koostisosana<\/strong> on kookose taime\u00f5li tuntud j\u00e4rgmiste omaduste poolest:<\/h4>\n<ul>\n<li>Maitsev kookose maitse, ideaalne eksootilise n\u00fcansi lisamiseks<\/li>\n<li>K\u00fcllastunud \u00f5li, mis on k\u00fcpsetamisel ja praadimisel stabiilne<\/li>\n<li>Vegan alternatiiv v\u00f5ile<\/li>\n<\/ul>\n<\/div>\n<h4><strong>N\u00e4idustused nahale<\/strong><\/h4>\n<p>&#8211; Kuiv ja kahjustatud nahk<br \/>\n&#8211; L\u00f5henenud nahk<br \/>\n&#8211; Kare nahk, millel puudub elastsus<\/p>\n<h4><strong>N\u00e4idustused juustele<\/strong><\/h4>\n<p>&#8211; Lokkis, kr\u00e4sused ja afrojuuksed<br \/>\n&#8211; Kuivad ja elutud juuksed<br \/>\n&#8211; Tuhmid ja n\u00f5rgad juuksed<br \/>\n&#8211; L\u00f5henenud juukseotsad<br \/>\n&#8211; T\u00e4id<\/p>\n<h4><strong>Kasutamine nahale<\/strong><\/h4>\n<p>Kasuta koostisosana oma valmististes:<\/p>\n<ul>\n<li>Rikkalikud kehahooldus\u00f5lid v\u00f5i -palsamid<\/li>\n<li>Toitvad koorivad palsamid<\/li>\n<li>P\u00e4evitus\u00f5lid v\u00f5i p\u00e4ikesej\u00e4rgsed taastavad \u00f5lid<\/li>\n<li>K\u00fclmseebistamise meetodil valmistatud k\u00e4sit\u00f6\u00f6seebid (suurendab vahutavust)<\/li>\n<\/ul>\n<h4><strong>Kasutamine juustele<\/strong><\/h4>\n<p>Kasuta koostisosana oma valmististes:<\/p>\n<ul>\n<li>Juuksehooldustooted<\/li>\n<li>Afrojuuste hooldustooted<\/li>\n<li>\u0160ampoonid ja juuksemaskid<\/li>\n<\/ul>\n<h4><strong>Kasutamine k\u00f6\u00f6gis<\/strong><\/h4>\n<div class=\"container__description\">\n<ul>\n<li>Kookos\u00f5li v\u00f5ib kasutada teiste rasvade asemel nii magusates kui ka soolastes roogades, n\u00e4iteks:<\/li>\n<li>Wokiroogades v\u00f5i pannil praetud k\u00f6\u00f6giviljades<\/li>\n<li>Liharoogades (kana, sealiha jne), kalas ja mereandides<\/li>\n<li>Eksootilistes roogades<\/li>\n<li>Kookides, k\u00fcpsistes ja muudes k\u00fcpsetistes<\/li>\n<\/ul>\n<\/div>\n<p>\u26a0\ufe0f \u00dclaltoodud omadused, n\u00e4idustused ja kasutusviisid p\u00e4rinevad aroomiteraapia, h\u00fcdrolaatide ja f\u00fctoteraapia k\u00e4sitlevatest teatmeteostest v\u00f5i veebiallikatest. See teave on esitatud ainult \u00fcldiseks informatsiooniks ega ole meditsiiniline n\u00f5uanne. Seda ei tohi kasutada arsti diagnoosi, konsultatsiooni ega meditsiinilise j\u00e4lgimise asendamiseks. Kahtluse korral soovitame enne eeterlike \u00f5lide kasutamist konsulteerida arstiga.<\/p>\n<p><a href=\"https:\/\/togosunny.com\/et\/oli-kookosoli-togo-aafrikast\/\" target=\"_blank\" rel=\"noopener\">Loe kolme kookos\u00f5li retsepti, mida sulle pakume<\/a><\/p>\n","protected":false},"excerpt":{"rendered":"<p><span style=\"font-weight: 400;\"><strong>Kookos\u00f5li<\/strong> on v\u00e4ga soovitatav koostisosa t\u00e4nu oma nahka kaitsvatele, pehmendavatele ja niisutavatele omadustele. <strong>Eksootilise ja meeldiva l\u00f5hnaga kasutatakse seda ka juuksehooldustoodete valmistamiseks, et anda juustele s\u00e4ra ja eluj\u00f5udu<\/strong>. <\/span><span style=\"font-weight: 400;\">Kookos\u00f5li niisutab samuti juukseid. Seda kasutatakse \u0161ampoonieelse hooldusena, et juukseid toita ja hooldada. <\/span><span style=\"font-weight: 400;\">See on samuti suurep\u00e4rane ja v\u00e4ga sobiv kasutamiseks toiduvalmistamisel. <\/span><span style=\"font-weight: 400;\">Iga p\u00e4ev \u00fche lusikat\u00e4ie kookos\u00f5li tarbimine v\u00f5ib aidata kiirendada ainevahetust, mis v\u00f5imaldab kehal rasva t\u00f5husamalt p\u00f5letada ja v\u00f5ib aidata kaasa kehakaalu langetamisele. Seda peetakse eriti kasulikuks k\u00f5hurasva v\u00e4hendamisel. <\/span><\/p>\n<p><strong>136 ml <\/strong>capacity<\/p>\n","protected":false},"featured_media":27410,"comment_status":"open","ping_status":"closed","template":"","meta":[],"product_brand":[],"product_cat":[858,860],"product_tag":[998,996,1000,1012,997,994,1003,999,1002,1001,1011,995,1013,1004],"class_list":{"0":"post-27412","1":"product","2":"type-product","3":"status-publish","4":"has-post-thumbnail","6":"product_cat---puhas-ja-rafineerimata-oli","7":"product_cat--aafrika-troopilised-toiduolid","8":"product_tag-aafrika-basiilik","9":"product_tag-aromaatne","10":"product_tag-avokaado","11":"product_tag-citronella","12":"product_tag-destillaat","13":"product_tag-eeterlik","14":"product_tag-ekstrakt","15":"product_tag-kaneel","16":"product_tag-kokoos","17":"product_tag-moringa","18":"product_tag-oli-2","19":"product_tag-olid","20":"product_tag-piparmunt","21":"product_tag-togosunnyoli-2","23":"first","24":"instock","25":"shipping-taxable","26":"purchasable","27":"product-type-simple"},"_links":{"self":[{"href":"https:\/\/www.togosunny.com\/et\/wp-json\/wp\/v2\/product\/27412","targetHints":{"allow":["GET"]}}],"collection":[{"href":"https:\/\/www.togosunny.com\/et\/wp-json\/wp\/v2\/product"}],"about":[{"href":"https:\/\/www.togosunny.com\/et\/wp-json\/wp\/v2\/types\/product"}],"replies":[{"embeddable":true,"href":"https:\/\/www.togosunny.com\/et\/wp-json\/wp\/v2\/comments?post=27412"}],"wp:featuredmedia":[{"embeddable":true,"href":"https:\/\/www.togosunny.com\/et\/wp-json\/wp\/v2\/media\/27410"}],"wp:attachment":[{"href":"https:\/\/www.togosunny.com\/et\/wp-json\/wp\/v2\/media?parent=27412"}],"wp:term":[{"taxonomy":"product_brand","embeddable":true,"href":"https:\/\/www.togosunny.com\/et\/wp-json\/wp\/v2\/product_brand?post=27412"},{"taxonomy":"product_cat","embeddable":true,"href":"https:\/\/www.togosunny.com\/et\/wp-json\/wp\/v2\/product_cat?post=27412"},{"taxonomy":"product_tag","embeddable":true,"href":"https:\/\/www.togosunny.com\/et\/wp-json\/wp\/v2\/product_tag?post=27412"}],"curies":[{"name":"wp","href":"https:\/\/api.w.org\/{rel}","templated":true}]}}