{"id":27421,"date":"2025-01-27T00:05:42","date_gmt":"2025-01-26T22:05:42","guid":{"rendered":"https:\/\/togosunny.com\/tsitronellaoli-8-e-10-ml\/"},"modified":"2026-03-17T15:06:18","modified_gmt":"2026-03-17T13:06:18","slug":"tsitronellaoli-8-e-10-ml","status":"publish","type":"product","link":"https:\/\/www.togosunny.com\/et\/tsitronellaoli-8-e-10-ml\/","title":{"rendered":"Tsitronella\u00f5li &#8211; 8 \u20ac \/ 10 ml"},"content":{"rendered":"<h4><strong>Tsitronella eeterlikku \u00f5li<\/strong> <span style=\"color: #003300;\">kasutatakse traditsiooniliselt j\u00e4rgmiste probleemide puhul: osteoartriit, artriit, reuma, putukahammustused ja teiste loomade hammustused ning putukat\u00f5rjeks.<\/span><\/h4>\n<h4><strong>Tsitronella eeterliku \u00f5li omadused:<\/strong> <span style=\"color: #003300;\">Tsitronella eeterlik \u00f5li on tuntud oma tervise-, ilu- ja heaoluga seotud kasulike omaduste poolest.<\/span><\/h4>\n<h4><strong>Tervise seisukohalt<\/strong><\/h4>\n<ul>\n<li>Rikas tugevate nahka l\u00e4bivate p\u00f5letikuvastaste toimeainete poolest<\/li>\n<li>S\u00e4\u00e4set\u00f5rjevahend<\/li>\n<li>Seenevastane<\/li>\n<li>Deodoreeriv ja \u00f5hku puhastav antiseptik<\/li>\n<li>M\u00f5\u00f5duka antibakteriaalse toimega<\/li>\n<\/ul>\n<h4><strong>Ilu seisukohalt<\/strong><\/h4>\n<ul>\n<li>Tsitronella eeterlik \u00f5li on tuntud oma kosmeetiliste omaduste poolest: deodoriseeriv ja puhastav<\/li>\n<\/ul>\n<p><strong>Kasutamine tervise toetamiseks<\/strong><br \/>\nTraditsiooniliselt kasutatakse seda j\u00e4rgmiste seisundite leevendamiseks:<br \/>\n<strong>&#8211;<\/strong> Reuma, artriit, tendiniit<br \/>\n<strong>&#8211;<\/strong> S\u00e4\u00e4sed (ennetuseks) ja s\u00e4\u00e4sehammustused (leevendamiseks)<br \/>\n<strong>&#8211;<\/strong> Liigne higistamine<br \/>\n<strong>&#8211;<\/strong> \u00d5hu puhastamine<\/p>\n<h4><strong>Kasutamine ilu eesm\u00e4rgil<\/strong><\/h4>\n<p><strong>&#8211; <\/strong>Liigne higistamine<\/p>\n<p>\u26a0\ufe0f \u00dclaltoodud omadused, n\u00e4idustused ja kasutusviisid p\u00e4rinevad aroomiteraapia, h\u00fcdrolaatide ja f\u00fctoteraapia k\u00e4sitlevatest teatmeteostest v\u00f5i veebiallikatest. See teave on esitatud ainult \u00fcldiseks informatsiooniks ega ole meditsiiniline n\u00f5uanne. Seda ei tohi kasutada arsti diagnoosi, konsultatsiooni ega meditsiinilise j\u00e4lgimise asendamiseks. Kahtluse korral soovitame enne eeterlike \u00f5lide kasutamist konsulteerida arstiga.<\/p>\n<p><a href=\"https:\/\/togosunny.com\/et\/?attachment_id=22850\" target=\"_blank\" rel=\"noopener\">Loe rohkem eeterlike \u00f5lide kohta<\/a><\/p>\n","protected":false},"excerpt":{"rendered":"<p><span style=\"font-weight: 400;\"><strong>Meie tsitronella\u00f5li<\/strong> on puhas, naturaalne, tervislik ja kontsentreeritud kvaliteetne \u00f5li. See v\u00f5ib sobida nahale kandmiseks ja massaa\u017eiks. Samuti v\u00f5ib see olla sobiv kosmeetiline toimeaine. <strong>Seda soovitatakse eriti kasutada aromaatsetes vannides.<\/strong> Samuti sobib see meeldivaks atmosf\u00e4\u00e4riliseks difusiooniks. Rahustava toimega \u00f5li on traditsiooniliselt soovitatud liigeste mugavuse parandamiseks ning putukahammustuste leevendamiseks. Selle iseloomulik l\u00f5hn on laialdaselt tuntud oma <strong>puhastava ja v\u00e4rskendava toime<\/strong> poolest. Togo&#8217;s kasvatatud, destilleeritud ja toodetud narduse tsitronella rohust saadud \u00f5li on \u00fcks parimaid eeterlikke \u00f5lisid maailmas aroomiteraapia ja kosmeetika jaoks. Seda on hea kasutada selle mitmek\u00fclgse kasulikkuse t\u00f5ttu.<\/span><\/p>\n","protected":false},"featured_media":27419,"comment_status":"open","ping_status":"closed","template":"","meta":[],"product_brand":[],"product_cat":[858,862],"product_tag":[998,996,1000,1012,997,994,999,1002,1001,1011,995,1013,1031],"class_list":{"0":"post-27421","1":"product","2":"type-product","3":"status-publish","4":"has-post-thumbnail","6":"product_cat---puhas-ja-rafineerimata-oli","7":"product_cat--eeterlikud-ja-aromaatsed-olid","8":"product_tag-aafrika-basiilik","9":"product_tag-aromaatne","10":"product_tag-avokaado","11":"product_tag-citronella","12":"product_tag-destillaat","13":"product_tag-eeterlik","14":"product_tag-kaneel","15":"product_tag-kokoos","16":"product_tag-moringa","17":"product_tag-oli-2","18":"product_tag-olid","19":"product_tag-piparmunt","20":"product_tag-togosunnyeeterlikoli","22":"first","23":"instock","24":"shipping-taxable","25":"purchasable","26":"product-type-simple"},"_links":{"self":[{"href":"https:\/\/www.togosunny.com\/et\/wp-json\/wp\/v2\/product\/27421","targetHints":{"allow":["GET"]}}],"collection":[{"href":"https:\/\/www.togosunny.com\/et\/wp-json\/wp\/v2\/product"}],"about":[{"href":"https:\/\/www.togosunny.com\/et\/wp-json\/wp\/v2\/types\/product"}],"replies":[{"embeddable":true,"href":"https:\/\/www.togosunny.com\/et\/wp-json\/wp\/v2\/comments?post=27421"}],"wp:featuredmedia":[{"embeddable":true,"href":"https:\/\/www.togosunny.com\/et\/wp-json\/wp\/v2\/media\/27419"}],"wp:attachment":[{"href":"https:\/\/www.togosunny.com\/et\/wp-json\/wp\/v2\/media?parent=27421"}],"wp:term":[{"taxonomy":"product_brand","embeddable":true,"href":"https:\/\/www.togosunny.com\/et\/wp-json\/wp\/v2\/product_brand?post=27421"},{"taxonomy":"product_cat","embeddable":true,"href":"https:\/\/www.togosunny.com\/et\/wp-json\/wp\/v2\/product_cat?post=27421"},{"taxonomy":"product_tag","embeddable":true,"href":"https:\/\/www.togosunny.com\/et\/wp-json\/wp\/v2\/product_tag?post=27421"}],"curies":[{"name":"wp","href":"https:\/\/api.w.org\/{rel}","templated":true}]}}