{"id":27428,"date":"2025-01-26T00:23:53","date_gmt":"2025-01-25T22:23:53","guid":{"rendered":"https:\/\/togosunny.com\/piparmundi-eeterlik-oli-17-e-10-ml\/"},"modified":"2026-03-16T19:43:04","modified_gmt":"2026-03-16T17:43:04","slug":"piparmundi-eeterlik-oli-17-e-10-ml","status":"publish","type":"product","link":"https:\/\/www.togosunny.com\/et\/piparmundi-eeterlik-oli-17-e-10-ml\/","title":{"rendered":"Piparm\u00fcndi eeterlik \u00f5li &#8211; 17 \u20ac \/ 10 ml"},"content":{"rendered":"<h4><span style=\"font-weight: 400;\"><strong>Piparm\u00fcndi eeterlikku \u00f5li<\/strong> kasutatakse traditsiooniliselt j\u00e4rgmiste probleemide korral: artriit, osteoartriit, reuma, keskendumisraskused (aitab parandada keskendumist) ja eksamiperioodid, raske seedimine, hambavalu (kaaries, abstsessid), v\u00e4simus, kurnatus, reisih\u00e4da, halb hinge\u00f5hk, migreen ja peavalud, oksendamine, iiveldus jne. <\/span><span style=\"font-weight: 400;\">Aroomiterapeudid soovitavad piparm\u00fcndi eeterlikku \u00f5li traditsiooniliselt kasutada paikselt, et aidata leevendada peavalu ja lokaalseid valusid. Samuti on see tuntud iivelduse ja seedimisprobleemide leevendajana. <\/span><\/h4>\n<h4><strong>Piparm\u00fcndi eeterliku \u00f5li omadused:<\/strong> <span style=\"font-weight: 400;\">Piparm\u00fcndi eeterlik \u00f5li on tuntud oma tervise ja heaolu toetavate omaduste poolest:<\/span><\/h4>\n<h4><strong>Tervise seisukohalt<\/strong><\/h4>\n<ul>\n<li><span style=\"font-weight: 400;\">Toniseeriv ja stimuleeriv seedimisele, k\u00f5hun\u00e4\u00e4rmele ja n\u00e4rvis\u00fcsteemile<\/span><\/li>\n<li>Iiveldusevastane<\/li>\n<li>T\u00f5stab verer\u00f5hku, veresooni ahendav<\/li>\n<li>Kohalik tuimestav ja valuvaigistav k\u00fclmaefekti kaudu, leevendab s\u00fcgelust<\/li>\n<li>V\u00e4rskendav<\/li>\n<li>Nina lahtistav (dekongestant)<\/li>\n<li>Toetab maksa ja eesn\u00e4\u00e4rme normaalset talitlust<\/li>\n<li>Antibakteriaalne, seenevastane ja viirusevastane<\/li>\n<li>P\u00f5letikuvastane soolestiku ja kuseteede puhul<\/li>\n<\/ul>\n<h4><strong>Heaolu seisukohalt<\/strong><\/h4>\n<ul>\n<li>Toniseeriv ja stimuleeriv n\u00e4rvis\u00fcsteemile ja kogu kehale<\/li>\n<li>V\u00e4rskendav<\/li>\n<\/ul>\n<h4><strong>Kasutamine tervise toetamiseks<\/strong> <span style=\"font-weight: 400;\">Piparm\u00fcndi eeterlikku \u00f5li kasutatakse traditsiooniliselt j\u00e4rgmiste seisundite leevendamiseks:<\/span><\/h4>\n<p><strong>&#8211;<\/strong> Iiveldus, reisih\u00e4da, pearinglus<\/p>\n<p><strong>&#8211;<\/strong> Seedeh\u00e4ired, d\u00fcspepsia, oksendamine, gaasid, halb hinge\u00f5hk, gastro\u00f6sofageaalne refluks, \u00e4rritunud soole s\u00fcndroom<\/p>\n<p><strong>&#8211;<\/strong> Peavalud, migreen, neuralgia, ishias, artriit, reuma, tendiniit<\/p>\n<p><strong>&#8211;<\/strong> \u0160okk, trauma<\/p>\n<p><strong>&#8211;<\/strong> V\u00f6\u00f6tohatis, herpes, viiruslik neuriit<\/p>\n<p><strong>&#8211;<\/strong> Riniit, sinusiit, k\u00f5rvap\u00f5letik<\/p>\n<p><strong>&#8211;<\/strong> S\u00fcgelus (n\u00f5gest\u00f5bi, ekseem, tuuler\u00f5uged)<\/p>\n<p><strong>&#8211;<\/strong> Madal verer\u00f5hk<\/p>\n<h4><strong>Kasutamine heaolu toetamiseks<\/strong><\/h4>\n<p><strong>&#8211;<\/strong> V\u00e4simus<br \/>\n<strong>&#8211;<\/strong> Keskendumisraskused, t\u00e4helepanu puudumine<\/p>\n<p>\u26a0\ufe0f \u00dclaltoodud omadused, n\u00e4idustused ja kasutusviisid p\u00e4rinevad aroomiteraapia, h\u00fcdrolaatide ja f\u00fctoteraapia k\u00e4sitlevatest teatmeteostest v\u00f5i veebiallikatest. See teave on esitatud ainult \u00fcldiseks informatsiooniks ega ole meditsiiniline n\u00f5uanne. Seda ei tohi kasutada arsti diagnoosi, konsultatsiooni ega meditsiinilise j\u00e4lgimise asendamiseks. Kahtluse korral soovitame enne eeterlike \u00f5lide kasutamist konsulteerida arstiga.<\/p>\n<p><a href=\"https:\/\/togosunny.com\/et\/oluline-aromaatiline-oli\/oil-essential-aromatic-2-2\/\" target=\"_blank\" rel=\"noopener\">Loe rohkem eeterlike \u00f5lide kohta<\/a><\/p>\n","protected":false},"excerpt":{"rendered":"<p><span style=\"font-weight: 400;\"><strong>Piparm\u00fcndi eeterlik \u00f5li<\/strong> omab stimuleerivat toimet, mis aitab ergutada nii keha kui ka vaimu. <strong>Tugevalt v\u00e4rskendav piparm\u00fcndi eeterlik \u00f5li on traditsiooniliselt tuntud selle poolest, et see v\u00f5ib aidata leevendada iiveldust v\u00f5i peavalu ning soodustada keskendumist. Piparm\u00fcndi eeterlikku \u00f5li kasutatakse ka s\u00fcgeluse leevendamiseks.<\/strong><\/span><\/p>\n<p><span style=\"font-weight: 400;\">Togos kasvatatud, toodetud ja destilleeritud piparm\u00fcnt annab \u00fche maailma parimatest <em>Mentha piperita<\/em> eeterlikest \u00f5lidest, mida kasutatakse aroomiteraapias ja kosmeetikas ning millel on mitmeid kasulikke omadusi inimese heaolu toetamiseks. Meie \u00f5li on puhas, tervislik ja kontsentreeritud ning k\u00f5rge kvaliteediga.<\/span><\/p>\n<p><span style=\"font-weight: 400;\">See sobib kasutamiseks nahal ja massaa\u017eiks. Lisaks v\u00f5ib seda kasutada \u00f5hu l\u00f5hnastamiseks difuuseris ning v\u00e4ikestes kogustes ka toitudele v\u00e4rske aroomi andmiseks. Seda v\u00f5ib kasutada kosmeetilise koostisosana, kuid sisemine kasutamine ei ole soovitatav. Samuti ei soovitata seda kasutada aromaatsetes vannides.<\/span><\/p>\n","protected":false},"featured_media":27427,"comment_status":"open","ping_status":"closed","template":"","meta":[],"product_brand":[],"product_cat":[858,862],"product_tag":[998,996,1000,1012,997,994,999,1002,1001,1011,995,1013,1004],"class_list":{"0":"post-27428","1":"product","2":"type-product","3":"status-publish","4":"has-post-thumbnail","6":"product_cat---puhas-ja-rafineerimata-oli","7":"product_cat--eeterlikud-ja-aromaatsed-olid","8":"product_tag-aafrika-basiilik","9":"product_tag-aromaatne","10":"product_tag-avokaado","11":"product_tag-citronella","12":"product_tag-destillaat","13":"product_tag-eeterlik","14":"product_tag-kaneel","15":"product_tag-kokoos","16":"product_tag-moringa","17":"product_tag-oli-2","18":"product_tag-olid","19":"product_tag-piparmunt","20":"product_tag-togosunnyoli-2","22":"first","23":"instock","24":"shipping-taxable","25":"purchasable","26":"product-type-simple"},"_links":{"self":[{"href":"https:\/\/www.togosunny.com\/et\/wp-json\/wp\/v2\/product\/27428","targetHints":{"allow":["GET"]}}],"collection":[{"href":"https:\/\/www.togosunny.com\/et\/wp-json\/wp\/v2\/product"}],"about":[{"href":"https:\/\/www.togosunny.com\/et\/wp-json\/wp\/v2\/types\/product"}],"replies":[{"embeddable":true,"href":"https:\/\/www.togosunny.com\/et\/wp-json\/wp\/v2\/comments?post=27428"}],"wp:featuredmedia":[{"embeddable":true,"href":"https:\/\/www.togosunny.com\/et\/wp-json\/wp\/v2\/media\/27427"}],"wp:attachment":[{"href":"https:\/\/www.togosunny.com\/et\/wp-json\/wp\/v2\/media?parent=27428"}],"wp:term":[{"taxonomy":"product_brand","embeddable":true,"href":"https:\/\/www.togosunny.com\/et\/wp-json\/wp\/v2\/product_brand?post=27428"},{"taxonomy":"product_cat","embeddable":true,"href":"https:\/\/www.togosunny.com\/et\/wp-json\/wp\/v2\/product_cat?post=27428"},{"taxonomy":"product_tag","embeddable":true,"href":"https:\/\/www.togosunny.com\/et\/wp-json\/wp\/v2\/product_tag?post=27428"}],"curies":[{"name":"wp","href":"https:\/\/api.w.org\/{rel}","templated":true}]}}