{"id":27435,"date":"2025-01-26T00:19:12","date_gmt":"2025-01-25T22:19:12","guid":{"rendered":"https:\/\/togosunny.com\/kaneelioli-19-e-10-ml\/"},"modified":"2026-03-16T23:03:19","modified_gmt":"2026-03-16T21:03:19","slug":"kaneelioli-19-e-10-ml","status":"publish","type":"product","link":"https:\/\/www.togosunny.com\/et\/kaneelioli-19-e-10-ml\/","title":{"rendered":"Kaneeli\u00f5li &#8211; 19 \u20ac \/ 10 ml"},"content":{"rendered":"<h4><span style=\"font-weight: 400;\"><strong>Kaneeli eeterlikku \u00f5li<\/strong> kasutatakse traditsiooniliselt j\u00e4rgmiste probleemide puhul: hingamisteede h\u00e4ired, antibakteriaalne toime, n\u00e4rvis\u00fcsteemi tasakaal, iiveldus, diabeet, k\u00f5hulahtisus jne.<\/span><\/h4>\n<h4><strong>Kaneeli eeterliku \u00f5li omadused: <\/strong>Tseiloni kaneelilehe eeterlik \u00f5li on tuntud oma tervist toetavate omaduste poolest:<\/h4>\n<ul>\n<li>Nakkusvastane<\/li>\n<li>Seenevastane ja parasiidivastane<\/li>\n<li>Viiruse- ja bakterivastane<\/li>\n<li>Seedimist stimuleeriv, aitab v\u00e4hendada soolestiku k\u00e4\u00e4rimist<\/li>\n<li>Toniseeriv ja \u00fcldine erguti<\/li>\n<li>Soojendava toimega<\/li>\n<\/ul>\n<h4><strong>Kasutamine <\/strong>Seda kasutatakse traditsiooniliselt j\u00e4rgmiste olukordade parandamiseks:<br \/>\n&#8211; igat t\u00fc\u00fcpi infektsioonid: sooleinfektsioonid (k\u00f5hulahtisus, parasiidid), kuseteede infektsioonid (p\u00f5iep\u00f5letik), suu ja naha infektsioonid (m\u00fckoos, soolat\u00fc\u00fcgas jne), troopilised infektsioonid jne.<br \/>\n&#8211; meeste impotentsus<br \/>\n&#8211; unisus, asteenia, n\u00f5rkus<\/h4>\n<p>\u26a0\ufe0f \u00dclaltoodud omadused, n\u00e4idustused ja kasutusviisid p\u00e4rinevad aroomiteraapia, h\u00fcdrolaatravi ja f\u00fctoteraapia k\u00e4sitlevatest raamatutest v\u00f5i veebilehtedelt. See \u00fcldine teave on esitatud ainult informatiivsel eesm\u00e4rgil ega kujuta endast meditsiinilist n\u00f5uannet. Seda teavet ei tohi mingil juhul kasutada diagnoosi, arstliku konsultatsiooni v\u00f5i ravi asendajana ega too kaasa meie vastutust. Kahtluse korral soovitame enne eeterlike \u00f5lide kasutamist konsulteerida arstiga.<\/p>\n<p><a href=\"https:\/\/togosunny.com\/et\/oluline-aromaatiline-oli\/\" target=\"_blank\" rel=\"noopener\">Loe rohkem eeterlike \u00f5lide kohta<\/a><\/p>\n","protected":false},"excerpt":{"rendered":"<p><span style=\"font-weight: 400;\"><strong>Meie kaneeli eeterlik \u00f5li on puhas, tervislik ja kontsentreeritud kvaliteetne \u00f5li.<\/strong> Seda soovitatakse teatud m\u00e4\u00e4ral kasutada nahal ja massaa\u017eiks ning samuti \u00f5hu difusiooniks. Seda v\u00f5ib kasutada ka toidu maitse parandamiseks, kuid m\u00f5\u00f5dukalt. Seda ei soovitata kasutada kosmeetilise toimeainena ega aromaatses vannis. Kaneelipuu lehtedest saadakse v\u00fcrtsikas \u00f5li, mis sarnaneb nelgi\u00f5liga ja on tuntud oma puhastavate omaduste poolest. Samuti aitab see v\u00e4hendada ebameeldivaid l\u00f5hnu, n\u00e4iteks toiduvalmistamise v\u00f5i tubaka l\u00f5hna.<\/span><\/p>\n<p><span style=\"font-weight: 400;\">Togos kasvatatud, toodetud ja destilleeritud kaneel kuulub maailma parimate eeterlike \u00f5lide hulka, mis on saadud liigist <em>Cinnamomum zeylanicum<\/em>. Seda kasutatakse aroomiteraapias ja kosmeetikas ning sellel on mitmeid kasulikke omadusi inimese heaolu jaoks. Sobib h\u00e4sti kasutamiseks vastavalt selle otstarbele.<\/span><\/p>\n","protected":false},"featured_media":27434,"comment_status":"open","ping_status":"closed","template":"","meta":[],"product_brand":[],"product_cat":[858,862],"product_tag":[998,996,1000,997,1010,999,1002,1001,1011,995,1013,1004],"class_list":{"0":"post-27435","1":"product","2":"type-product","3":"status-publish","4":"has-post-thumbnail","6":"product_cat---puhas-ja-rafineerimata-oli","7":"product_cat--eeterlikud-ja-aromaatsed-olid","8":"product_tag-aafrika-basiilik","9":"product_tag-aromaatne","10":"product_tag-avokaado","11":"product_tag-destillaat","12":"product_tag-kalebass","13":"product_tag-kaneel","14":"product_tag-kokoos","15":"product_tag-moringa","16":"product_tag-oli-2","17":"product_tag-olid","18":"product_tag-piparmunt","19":"product_tag-togosunnyoli-2","21":"first","22":"instock","23":"shipping-taxable","24":"purchasable","25":"product-type-simple"},"_links":{"self":[{"href":"https:\/\/www.togosunny.com\/et\/wp-json\/wp\/v2\/product\/27435","targetHints":{"allow":["GET"]}}],"collection":[{"href":"https:\/\/www.togosunny.com\/et\/wp-json\/wp\/v2\/product"}],"about":[{"href":"https:\/\/www.togosunny.com\/et\/wp-json\/wp\/v2\/types\/product"}],"replies":[{"embeddable":true,"href":"https:\/\/www.togosunny.com\/et\/wp-json\/wp\/v2\/comments?post=27435"}],"wp:featuredmedia":[{"embeddable":true,"href":"https:\/\/www.togosunny.com\/et\/wp-json\/wp\/v2\/media\/27434"}],"wp:attachment":[{"href":"https:\/\/www.togosunny.com\/et\/wp-json\/wp\/v2\/media?parent=27435"}],"wp:term":[{"taxonomy":"product_brand","embeddable":true,"href":"https:\/\/www.togosunny.com\/et\/wp-json\/wp\/v2\/product_brand?post=27435"},{"taxonomy":"product_cat","embeddable":true,"href":"https:\/\/www.togosunny.com\/et\/wp-json\/wp\/v2\/product_cat?post=27435"},{"taxonomy":"product_tag","embeddable":true,"href":"https:\/\/www.togosunny.com\/et\/wp-json\/wp\/v2\/product_tag?post=27435"}],"curies":[{"name":"wp","href":"https:\/\/api.w.org\/{rel}","templated":true}]}}