{"id":24572,"date":"2025-09-24T13:17:06","date_gmt":"2025-09-24T10:17:06","guid":{"rendered":"https:\/\/togosunny.com\/politique-en-matiere-de-cookies\/"},"modified":"2025-09-24T13:17:06","modified_gmt":"2025-09-24T10:17:06","slug":"politique-en-matiere-de-cookies","status":"publish","type":"page","link":"https:\/\/www.togosunny.com\/fr\/politique-en-matiere-de-cookies\/","title":{"rendered":"POLITIQUE EN MATI\u00c8RE DE COOKIES"},"content":{"rendered":"<p>Ce site utilise des cookies &#8211; de petits fichiers texte qui sont plac\u00e9s sur votre appareil pour aider le site \u00e0 offrir une meilleure exp\u00e9rience \u00e0 l&rsquo;utilisateur. En g\u00e9n\u00e9ral, les cookies sont utilis\u00e9s pour conserver les pr\u00e9f\u00e9rences des utilisateurs, stocker des informations pour des \u00e9l\u00e9ments tels que les paniers d&rsquo;achat et fournir des donn\u00e9es de suivi anonymes \u00e0 des applications tierces telles que Google Analytics. En r\u00e8gle g\u00e9n\u00e9rale, les cookies am\u00e9liorent votre exp\u00e9rience de navigation. Toutefois, il se peut que vous pr\u00e9f\u00e9riez d\u00e9sactiver les cookies sur ce site et sur d&rsquo;autres. La mani\u00e8re la plus efficace de le faire est de d\u00e9sactiver les cookies dans votre navigateur.      <\/p>\n\n<p><\/p>\n","protected":false},"excerpt":{"rendered":"<p>Ce site utilise des cookies &#8211; de petits fichiers texte qui sont plac\u00e9s sur votre appareil pour aider le site \u00e0 offrir une meilleure exp\u00e9rience \u00e0 l&rsquo;utilisateur. En g\u00e9n\u00e9ral, les cookies sont utilis\u00e9s pour conserver les pr\u00e9f\u00e9rences des utilisateurs, stocker des informations pour des \u00e9l\u00e9ments tels que les paniers d&rsquo;achat et fournir des donn\u00e9es de [&hellip;]<\/p>\n","protected":false},"author":2,"featured_media":0,"parent":0,"menu_order":0,"comment_status":"closed","ping_status":"closed","template":"","meta":{"footnotes":""},"class_list":["post-24572","page","type-page","status-publish","hentry"],"_links":{"self":[{"href":"https:\/\/www.togosunny.com\/fr\/wp-json\/wp\/v2\/pages\/24572","targetHints":{"allow":["GET"]}}],"collection":[{"href":"https:\/\/www.togosunny.com\/fr\/wp-json\/wp\/v2\/pages"}],"about":[{"href":"https:\/\/www.togosunny.com\/fr\/wp-json\/wp\/v2\/types\/page"}],"author":[{"embeddable":true,"href":"https:\/\/www.togosunny.com\/fr\/wp-json\/wp\/v2\/users\/2"}],"replies":[{"embeddable":true,"href":"https:\/\/www.togosunny.com\/fr\/wp-json\/wp\/v2\/comments?post=24572"}],"version-history":[{"count":0,"href":"https:\/\/www.togosunny.com\/fr\/wp-json\/wp\/v2\/pages\/24572\/revisions"}],"wp:attachment":[{"href":"https:\/\/www.togosunny.com\/fr\/wp-json\/wp\/v2\/media?parent=24572"}],"curies":[{"name":"wp","href":"https:\/\/api.w.org\/{rel}","templated":true}]}}