{"id":27409,"date":"2025-02-01T22:36:47","date_gmt":"2025-02-01T20:36:47","guid":{"rendered":"https:\/\/togosunny.com\/huile-de-coco-100-naturelle-2\/"},"modified":"2026-03-14T19:56:48","modified_gmt":"2026-03-14T17:56:48","slug":"huile-de-coco-100-naturelle-2","status":"publish","type":"product","link":"https:\/\/www.togosunny.com\/fr\/huile-de-coco-100-naturelle-2\/","title":{"rendered":"Huile de coco 100% naturelle"},"content":{"rendered":"<h4><strong>Caract\u00e9ristiques de l\u2019huile v\u00e9g\u00e9tale de coco<\/strong><\/h4>\n<h4><strong>En tant qu\u2019ingr\u00e9dient cosm\u00e9tique<\/strong>, l\u2019huile v\u00e9g\u00e9tale de coco biologique est r\u00e9put\u00e9e pour ses propri\u00e9t\u00e9s :<\/h4>\n<ul>\n<li>D\u00e9licatement et naturellement parfum\u00e9e, cette huile de coco a \u00e9t\u00e9 s\u00e9lectionn\u00e9e pour son parfum tr\u00e8s doux respectant l\u2019odeur naturelle de la noix de coco (sans odeur rance).<\/li>\n<li>Tr\u00e8s nourrissante, l\u2019huile de coco r\u00e9duit consid\u00e9rablement la d\u00e9shydratation de la peau.<\/li>\n<li>Apaisante et douce, elle calme les peaux sujettes aux rougeurs et \u00e0 la surchauffe due au soleil.<\/li>\n<li>Largement utilis\u00e9e en savonnerie, elle apporte aux savons un pouvoir moussant et nettoyant ainsi qu\u2019une bonne duret\u00e9.<\/li>\n<\/ul>\n<h4><strong>En tant qu\u2019ingr\u00e9dient de beaut\u00e9 pour les cheveux<\/strong>, l\u2019huile v\u00e9g\u00e9tale de coco biologique est reconnue pour ses propri\u00e9t\u00e9s :<\/h4>\n<ul>\n<li>Nourrit et lisse la fibre capillaire, laissant les cheveux brillants et forts<\/li>\n<li>Parfume agr\u00e9ablement les cheveux<\/li>\n<li>Traditionnellement utilis\u00e9e pour \u00e9liminer les poux (par asphyxie)<\/li>\n<\/ul>\n<div class=\"container__description\">\n<h4><strong>En tant qu\u2019ingr\u00e9dient culinaire<\/strong>, l\u2019huile v\u00e9g\u00e9tale de coco est reconnue pour ses propri\u00e9t\u00e9s en cuisine :<\/h4>\n<ul>\n<li>D\u00e9licieuse saveur de noix de coco, id\u00e9ale pour apporter une touche exotique<\/li>\n<li>Huile riche en acides gras satur\u00e9s, stable \u00e0 la cuisson<\/li>\n<li>Alternative v\u00e9g\u00e9talienne au beurre<\/li>\n<\/ul>\n<\/div>\n<h4><strong>Indications pour la peau<\/strong><\/h4>\n<p>&#8211; Peaux s\u00e8ches et ab\u00eem\u00e9es<br \/>\n&#8211; Peaux gerc\u00e9es<br \/>\n&#8211; Peaux rugueuses manquant d\u2019\u00e9lasticit\u00e9<\/p>\n<h4><strong>Indications pour les cheveux<\/strong><\/h4>\n<p>&#8211; Cheveux boucl\u00e9s, fris\u00e9s et afro<br \/>\n&#8211; Cheveux secs et ternes<br \/>\n&#8211; Cheveux sans \u00e9clat et mous<br \/>\n&#8211; Pointes fourchues<br \/>\n&#8211; Poux<\/p>\n<h4><strong>Utilisations pour la peau<\/strong><\/h4>\n<p>Utiliser comme ingr\u00e9dient dans vos pr\u00e9parations :<\/p>\n<ul>\n<li>Huiles ou baumes corporels nourrissants<\/li>\n<li>Baumes exfoliants nourrissants<\/li>\n<li>Huiles bronzantes ou huiles r\u00e9paratrices apr\u00e8s-soleil<\/li>\n<li>Savons maison saponifi\u00e9s \u00e0 froid (augmente le pouvoir moussant)<\/li>\n<\/ul>\n<h4><strong>Utilisations pour les cheveux<\/strong><\/h4>\n<p>Utiliser comme ingr\u00e9dient dans vos pr\u00e9parations :<\/p>\n<ul>\n<li>Soins capillaires<\/li>\n<li>Produits de soin pour cheveux afro<\/li>\n<li>Shampoings et masques capillaires<\/li>\n<\/ul>\n<h4><strong>Utilisations en cuisine<\/strong><\/h4>\n<div class=\"container__description\">\n<ul>\n<li>L\u2019huile de coco peut \u00eatre utilis\u00e9e comme substitut d\u2019autres mati\u00e8res grasses dans tous types de plats sucr\u00e9s ou sal\u00e9s, notamment :<\/li>\n<li>Woks ou l\u00e9gumes saut\u00e9s \u00e0 la po\u00eale<\/li>\n<li>Plats de viande (poulet, porc, etc.), poissons, fruits de mer, etc.<\/li>\n<li>Plats exotiques<\/li>\n<li>G\u00e2teaux, biscuits, cookies, etc.<\/li>\n<\/ul>\n<\/div>\n<p>\u26a0\ufe0f Les propri\u00e9t\u00e9s, indications et modes d\u2019utilisation ci-dessus sont issus d\u2019ouvrages ou de sites de r\u00e9f\u00e9rence sur l\u2019aromath\u00e9rapie, l\u2019hydrolath\u00e9rapie et la phytoth\u00e9rapie. Ces informations g\u00e9n\u00e9rales sont donn\u00e9es \u00e0 titre indicatif et ne constituent en aucun cas un avis m\u00e9dical. Elles ne peuvent en aucun cas remplacer un diagnostic, une consultation ou un suivi m\u00e9dical. En cas de doute, nous vous recommandons de consulter un m\u00e9decin avant d\u2019utiliser des huiles essentielles.<\/p>\n<p><a href=\"https:\/\/togosunny.com\/fr\/huile-huile-de-coco-du-togo-afrique\/\" target=\"_blank\" rel=\"noopener\">Lire les trois recettes \u00e0 base d\u2019huile de coco que nous vous proposons<\/a><\/p>\n","protected":false},"excerpt":{"rendered":"<p><span style=\"font-weight: 400;\"><strong>L\u2019huile de coco<\/strong> est un ingr\u00e9dient tr\u00e8s appr\u00e9ci\u00e9 pour ses propri\u00e9t\u00e9s protectrices, adoucissantes et \u00e9mollientes pour la peau. <strong>Exotique et d\u00e9licatement parfum\u00e9e, elle est \u00e9galement utilis\u00e9e pour fabriquer des soins capillaires qui apportent brillance et vitalit\u00e9 aux cheveux<\/strong>. <\/span><br \/>\n<span style=\"font-weight: 400;\">L\u2019huile de coco aide aussi \u00e0 hydrater les cheveux. Utilis\u00e9e comme soin avant shampoing, elle nourrit et revitalise la fibre capillaire.<\/span><br \/>\n<span style=\"font-weight: 400;\">Elle est \u00e9galement excellente en cuisine.<\/span><br \/>\n<span style=\"font-weight: 400;\">Certaines \u00e9tudes sugg\u00e8rent que la consommation d\u2019huile de coco pourrait soutenir le m\u00e9tabolisme gr\u00e2ce \u00e0 ses acides gras \u00e0 cha\u00eene moyenne.<\/span><\/p>\n<p><strong>136 ml <\/strong>capacity<\/p>\n","protected":false},"featured_media":27406,"comment_status":"open","ping_status":"closed","template":"","meta":[],"product_brand":[],"product_cat":[857,859],"product_tag":[984,988,986,987,1008,985,982,991,1007,983,1009,989,990,992],"class_list":{"0":"post-27409","1":"product","2":"type-product","3":"status-publish","4":"has-post-thumbnail","6":"product_cat---huiles-pures-et-non-raffinees","7":"product_cat--huiles-tropicales-africaines-pour-la-cuisine","8":"product_tag-aromatique","9":"product_tag-avocat","10":"product_tag-basilic-africain","11":"product_tag-cannelle","12":"product_tag-citronnelle","13":"product_tag-distillate","14":"product_tag-essentiel","15":"product_tag-extract","16":"product_tag-huile","17":"product_tag-huiles","18":"product_tag-menthe-poivree","19":"product_tag-moringa","20":"product_tag-noix-de-coco","21":"product_tag-togosunnyhuile","23":"first","24":"instock","25":"shipping-taxable","26":"purchasable","27":"product-type-simple"},"_links":{"self":[{"href":"https:\/\/www.togosunny.com\/fr\/wp-json\/wp\/v2\/product\/27409","targetHints":{"allow":["GET"]}}],"collection":[{"href":"https:\/\/www.togosunny.com\/fr\/wp-json\/wp\/v2\/product"}],"about":[{"href":"https:\/\/www.togosunny.com\/fr\/wp-json\/wp\/v2\/types\/product"}],"replies":[{"embeddable":true,"href":"https:\/\/www.togosunny.com\/fr\/wp-json\/wp\/v2\/comments?post=27409"}],"wp:featuredmedia":[{"embeddable":true,"href":"https:\/\/www.togosunny.com\/fr\/wp-json\/wp\/v2\/media\/27406"}],"wp:attachment":[{"href":"https:\/\/www.togosunny.com\/fr\/wp-json\/wp\/v2\/media?parent=27409"}],"wp:term":[{"taxonomy":"product_brand","embeddable":true,"href":"https:\/\/www.togosunny.com\/fr\/wp-json\/wp\/v2\/product_brand?post=27409"},{"taxonomy":"product_cat","embeddable":true,"href":"https:\/\/www.togosunny.com\/fr\/wp-json\/wp\/v2\/product_cat?post=27409"},{"taxonomy":"product_tag","embeddable":true,"href":"https:\/\/www.togosunny.com\/fr\/wp-json\/wp\/v2\/product_tag?post=27409"}],"curies":[{"name":"wp","href":"https:\/\/api.w.org\/{rel}","templated":true}]}}