{"id":27418,"date":"2025-01-27T00:05:42","date_gmt":"2025-01-26T22:05:42","guid":{"rendered":"https:\/\/togosunny.com\/huile-de-citronnelle-8-e-10-ml\/"},"modified":"2026-03-17T15:04:46","modified_gmt":"2026-03-17T13:04:46","slug":"huile-de-citronnelle-8-e-10-ml","status":"publish","type":"product","link":"https:\/\/www.togosunny.com\/fr\/huile-de-citronnelle-8-e-10-ml\/","title":{"rendered":"Huile de citronnelle &#8211; 8 \u20ac \/ 10 ml"},"content":{"rendered":"<h4><strong>L\u2019huile essentielle de citronnelle<\/strong> <span style=\"color: #003300;\">est traditionnellement utilis\u00e9e pour : l\u2019arthrose, l\u2019arthrite, les rhumatismes, les piq\u00fbres d\u2019insectes et d\u2019autres animaux, ainsi que comme r\u00e9pulsif contre les insectes.<\/span><\/h4>\n<h4><strong>Caract\u00e9ristiques de l\u2019huile essentielle de citronnelle :<\/strong><br \/>\n<span style=\"color: #003300;\">L\u2019huile essentielle de citronnelle est reconnue pour ses bienfaits sur la sant\u00e9, la beaut\u00e9 et le bien-\u00eatre.<\/span><\/h4>\n<h4><strong>Bienfaits pour la sant\u00e9<\/strong><\/h4>\n<ul>\n<li>Riche en principes actifs anti-inflammatoires puissants \u00e0 action percutan\u00e9e<\/li>\n<li>R\u00e9pulsif contre les moustiques<\/li>\n<li>Antifongique<\/li>\n<li>D\u00e9sodorisante et antiseptique atmosph\u00e9rique<\/li>\n<li>Antibact\u00e9rienne mod\u00e9r\u00e9e<\/li>\n<\/ul>\n<h4><strong>Bienfaits pour la beaut\u00e9<\/strong><\/h4>\n<ul>\n<li>L\u2019huile essentielle de citronnelle est reconnue pour ses propri\u00e9t\u00e9s cosm\u00e9tiques : d\u00e9sodorisante et purifiante<\/li>\n<\/ul>\n<p><strong>Utilisations pour la sant\u00e9<\/strong><br \/>\nElle est traditionnellement utilis\u00e9e pour am\u00e9liorer les situations suivantes :<br \/>\n<strong>&#8211;<\/strong> Rhumatismes, arthrite, tendinite<br \/>\n<strong>&#8211;<\/strong> Moustiques (pr\u00e9ventif) et piq\u00fbres de moustiques (curatif)<br \/>\n<strong>&#8211;<\/strong> Transpiration excessive<br \/>\n<strong>&#8211;<\/strong> Purification de l\u2019air<\/p>\n<h4><strong>Utilisations pour la beaut\u00e9<\/strong><\/h4>\n<p><strong>&#8211; <\/strong>Transpiration excessive<\/p>\n<p>\u26a0\ufe0f Les propri\u00e9t\u00e9s, indications et modes d\u2019utilisation mentionn\u00e9s ci-dessus sont issus d\u2019ouvrages ou de sites de r\u00e9f\u00e9rence en aromath\u00e9rapie, hydrolath\u00e9rapie et phytoth\u00e9rapie. Ces informations sont donn\u00e9es \u00e0 titre informatif uniquement et ne constituent en aucun cas une information m\u00e9dicale. Elles ne peuvent se substituer \u00e0 un diagnostic, une consultation ou un suivi m\u00e9dical, et n\u2019engagent pas notre responsabilit\u00e9. En cas de doute, nous vous recommandons de consulter un m\u00e9decin avant d\u2019utiliser des huiles essentielles.<\/p>\n<p><a href=\"https:\/\/togosunny.com\/fr\/?attachment_id=22850\" target=\"_blank\" rel=\"noopener\">Lire plus sur les huiles essentielles<\/a><\/p>\n","protected":false},"excerpt":{"rendered":"<p><span style=\"font-weight: 400;\"><strong>Notre huile de citronnelle<\/strong> est une huile pure, authentique, saine et concentr\u00e9e, de tr\u00e8s bonne qualit\u00e9. Elle peut convenir pour une application cutan\u00e9e et pour les massages. Elle peut \u00e9galement \u00eatre utilis\u00e9e comme ingr\u00e9dient actif en cosm\u00e9tique <strong>. Elle est particuli\u00e8rement recommand\u00e9e pour les bains aromatiques. <\/strong>Elle peut aussi \u00eatre utilis\u00e9e pour une diffusion atmosph\u00e9rique agr\u00e9able. Apaisante, cette huile est traditionnellement recommand\u00e9e pour am\u00e9liorer le confort des articulations et pour soulager les piq\u00fbres d\u2019insectes. Son parfum caract\u00e9ristique est largement reconnu pour ses <strong>effets purifiants et assainissants<\/strong>. L\u2019herbe de citronnelle cultiv\u00e9e, distill\u00e9e et produite au Togo \u00e0 partir de Nardus donne l\u2019une des meilleures huiles essentielles au monde pour l\u2019aromath\u00e9rapie et les usages cosm\u00e9tiques. Utilisez-la pour profiter pleinement de ses bienfaits.<\/span><\/p>\n","protected":false},"featured_media":27416,"comment_status":"open","ping_status":"closed","template":"","meta":[],"product_brand":[],"product_cat":[857,861],"product_tag":[984,988,986,987,1008,985,982,1007,983,1009,989,990,1030],"class_list":{"0":"post-27418","1":"product","2":"type-product","3":"status-publish","4":"has-post-thumbnail","6":"product_cat---huiles-pures-et-non-raffinees","7":"product_cat--huiles-essentielles-et-aromatiques","8":"product_tag-aromatique","9":"product_tag-avocat","10":"product_tag-basilic-africain","11":"product_tag-cannelle","12":"product_tag-citronnelle","13":"product_tag-distillate","14":"product_tag-essentiel","15":"product_tag-huile","16":"product_tag-huiles","17":"product_tag-menthe-poivree","18":"product_tag-moringa","19":"product_tag-noix-de-coco","20":"product_tag-togosunnyhuileessentielle","22":"first","23":"instock","24":"shipping-taxable","25":"purchasable","26":"product-type-simple"},"_links":{"self":[{"href":"https:\/\/www.togosunny.com\/fr\/wp-json\/wp\/v2\/product\/27418","targetHints":{"allow":["GET"]}}],"collection":[{"href":"https:\/\/www.togosunny.com\/fr\/wp-json\/wp\/v2\/product"}],"about":[{"href":"https:\/\/www.togosunny.com\/fr\/wp-json\/wp\/v2\/types\/product"}],"replies":[{"embeddable":true,"href":"https:\/\/www.togosunny.com\/fr\/wp-json\/wp\/v2\/comments?post=27418"}],"wp:featuredmedia":[{"embeddable":true,"href":"https:\/\/www.togosunny.com\/fr\/wp-json\/wp\/v2\/media\/27416"}],"wp:attachment":[{"href":"https:\/\/www.togosunny.com\/fr\/wp-json\/wp\/v2\/media?parent=27418"}],"wp:term":[{"taxonomy":"product_brand","embeddable":true,"href":"https:\/\/www.togosunny.com\/fr\/wp-json\/wp\/v2\/product_brand?post=27418"},{"taxonomy":"product_cat","embeddable":true,"href":"https:\/\/www.togosunny.com\/fr\/wp-json\/wp\/v2\/product_cat?post=27418"},{"taxonomy":"product_tag","embeddable":true,"href":"https:\/\/www.togosunny.com\/fr\/wp-json\/wp\/v2\/product_tag?post=27418"}],"curies":[{"name":"wp","href":"https:\/\/api.w.org\/{rel}","templated":true}]}}