{"id":27426,"date":"2025-01-26T00:23:53","date_gmt":"2025-01-25T22:23:53","guid":{"rendered":"https:\/\/togosunny.com\/huile-essentielle-de-menthe-poivree-17-e-10-ml\/"},"modified":"2026-03-16T19:39:25","modified_gmt":"2026-03-16T17:39:25","slug":"huile-essentielle-de-menthe-poivree-17-e-10-ml","status":"publish","type":"product","link":"https:\/\/www.togosunny.com\/fr\/huile-essentielle-de-menthe-poivree-17-e-10-ml\/","title":{"rendered":"Huile essentielle de menthe poivr\u00e9e &#8211; 17 \u20ac \/ 10 ml"},"content":{"rendered":"<h4><span style=\"font-weight: 400;\"><strong>L\u2019huile essentielle de menthe poivr\u00e9e<\/strong> est traditionnellement utilis\u00e9e pour : l\u2019arthrite, l\u2019ost\u00e9oarthrite, les rhumatismes, la concentration (aide pendant les p\u00e9riodes d\u2019examens), la digestion difficile, les maux de dents (caries, abc\u00e8s), la fatigue, l\u2019\u00e9puisement, le mal des transports, la mauvaise haleine, la migraine et les maux de t\u00eate, les vomissements, les naus\u00e9es, etc. <\/span><span style=\"font-weight: 400;\">L\u2019huile essentielle de menthe poivr\u00e9e est traditionnellement recommand\u00e9e par les aromath\u00e9rapeutes pour une application locale afin d\u2019aider \u00e0 apaiser les maux de t\u00eate et les douleurs localis\u00e9es. Elle est \u00e9galement connue pour soulager les naus\u00e9es et les troubles digestifs.<\/span><\/h4>\n<h4><strong>Caract\u00e9ristiques de l\u2019huile essentielle de menthe poivr\u00e9e :<\/strong> <span style=\"font-weight: 400;\">L\u2019huile essentielle de menthe poivr\u00e9e est reconnue pour ses propri\u00e9t\u00e9s b\u00e9n\u00e9fiques pour la sant\u00e9 et le bien-\u00eatre :<\/span><\/h4>\n<h4><strong>Propri\u00e9t\u00e9s pour la sant\u00e9<\/strong><\/h4>\n<ul>\n<li><span style=\"font-weight: 400;\">Tonique et stimulante pour les syst\u00e8mes digestif, pancr\u00e9atique et nerveux<\/span><\/li>\n<li>Anti-naus\u00e9e<\/li>\n<li>Hypertensive, vasoconstrictrice<\/li>\n<li>Anesth\u00e9sique et analg\u00e9sique local par effet de froid, antiprurigineuse, calme les d\u00e9mangeaisons<\/li>\n<li>Rafra\u00eechissante<\/li>\n<li>D\u00e9congestionnante nasale<\/li>\n<li>Favorise le bon fonctionnement du foie et de la prostate<\/li>\n<li>Antibact\u00e9rienne, antifongique et antivirale<\/li>\n<li>Anti-inflammatoire intestinal et urinaire<\/li>\n<\/ul>\n<h4><strong>Propri\u00e9t\u00e9s pour le bien-\u00eatre<\/strong><\/h4>\n<ul>\n<li>Tonique et stimulante pour les nerfs et l\u2019ensemble du corps<\/li>\n<li>Rafra\u00eechissante<\/li>\n<\/ul>\n<h4><strong>Utilisations pour la sant\u00e9<\/strong> <span style=\"font-weight: 400;\">L\u2019huile essentielle de menthe poivr\u00e9e est traditionnellement utilis\u00e9e pour am\u00e9liorer les situations suivantes : <\/span><\/h4>\n<p><span style=\"font-weight: 400;\"><strong>&#8211; <\/strong><\/span><span style=\"font-weight: 400;\">Naus\u00e9es, mal des transports, vertiges <\/span><\/p>\n<p><span style=\"font-weight: 400;\"><strong>&#8211;<\/strong><\/span> indigestion, dyspepsie, vomissements, flatulences, mauvaise haleine, reflux gastro-\u0153sophagien, syndrome de l\u2019intestin irritable<\/p>\n<p><strong>&#8211;<\/strong> maux de t\u00eate, migraines, n\u00e9vralgies, sciatique, arthrite, rhumatismes, tendinites<\/p>\n<p><strong>&#8211;<\/strong> choc, traumatisme<\/p>\n<p><strong>&#8211;<\/strong> zona, herp\u00e8s, n\u00e9vrite virale<\/p>\n<p><strong>&#8211;<\/strong> rhinite, sinusite, otites<\/p>\n<p><strong>&#8211;<\/strong> d\u00e9mangeaisons (urticaire, ecz\u00e9ma, varicelle)<\/p>\n<p><strong>&#8211;<\/strong> hypotension<\/p>\n<h4><strong>Utilisations pour le bien-\u00eatre <\/strong><\/h4>\n<p><strong>&#8211;<\/strong> fatigue<\/p>\n<p><strong>&#8211;<\/strong> difficult\u00e9 de concentration, manque de vigilance<\/p>\n<p>\u26a0\ufe0f Les propri\u00e9t\u00e9s, indications et modes d\u2019utilisation ci-dessus sont issus d\u2019ouvrages ou de sites de r\u00e9f\u00e9rence en aromath\u00e9rapie, hydrolath\u00e9rapie et phytoth\u00e9rapie. Ces informations sont donn\u00e9es \u00e0 titre informatif uniquement et ne constituent en aucun cas une information m\u00e9dicale. Elles ne peuvent en aucun cas se substituer \u00e0 un diagnostic, une consultation ou un suivi m\u00e9dical, ni engager notre responsabilit\u00e9. En cas de doute, nous vous recommandons de consulter un m\u00e9decin avant d\u2019utiliser des huiles essentielles.<\/p>\n<p><a href=\"https:\/\/togosunny.com\/fr\/huile-essentielle-aromatique\/oil-essential-aromatic-2-2\/\" target=\"_blank\" rel=\"noopener\">Lire plus sur les huiles essentielles<\/a><\/p>\n","protected":false},"excerpt":{"rendered":"<p><span style=\"font-weight: 400;\"><strong>L\u2019huile essentielle de menthe poivr\u00e9e<\/strong> poss\u00e8de des effets stimulants utiles pour revigorer le corps et l\u2019esprit. <strong>Puissante et rafra\u00eechissante, l\u2019huile essentielle de menthe poivr\u00e9e est traditionnellement connue pour aider \u00e0 soulager les naus\u00e9es ou les maux de t\u00eate, et pour favoriser la concentration. L\u2019huile essentielle de menthe poivr\u00e9e est \u00e9galement utilis\u00e9e pour apaiser les d\u00e9mangeaisons.<\/strong> <\/span><\/p>\n<p><span style=\"font-weight: 400;\">La menthe poivr\u00e9e cultiv\u00e9e, produite et distill\u00e9e au Togo donne une huile essentielle de grande qualit\u00e9 issue de <em>Mentha piperita<\/em>, utilis\u00e9e en aromath\u00e9rapie et en cosm\u00e9tique, et reconnue pour ses propri\u00e9t\u00e9s b\u00e9n\u00e9fiques pour l\u2019\u00eatre humain. Elle peut \u00eatre utilis\u00e9e pour ses nombreuses applications. La n\u00f4tre est une huile pure, saine et concentr\u00e9e, de tr\u00e8s bonne qualit\u00e9.<\/span><\/p>\n<p><span style=\"font-weight: 400;\">Elle convient pour une application cutan\u00e9e et pour le massage. De plus, elle peut \u00eatre utilis\u00e9e en diffusion atmosph\u00e9rique et peut \u00e9galement \u00eatre employ\u00e9e pour apporter une note aromatique \u00e0 certains aliments. Cependant, elle n\u2019est g\u00e9n\u00e9ralement pas recommand\u00e9e pour une ingestion ou une utilisation cosm\u00e9tique non contr\u00f4l\u00e9e. Elle n\u2019est pas recommand\u00e9e pour les bains aromatiques.<\/span><\/p>\n","protected":false},"featured_media":27425,"comment_status":"open","ping_status":"closed","template":"","meta":[],"product_brand":[],"product_cat":[857,861],"product_tag":[984,988,986,987,1008,985,982,1007,983,1009,989,990,992],"class_list":{"0":"post-27426","1":"product","2":"type-product","3":"status-publish","4":"has-post-thumbnail","6":"product_cat---huiles-pures-et-non-raffinees","7":"product_cat--huiles-essentielles-et-aromatiques","8":"product_tag-aromatique","9":"product_tag-avocat","10":"product_tag-basilic-africain","11":"product_tag-cannelle","12":"product_tag-citronnelle","13":"product_tag-distillate","14":"product_tag-essentiel","15":"product_tag-huile","16":"product_tag-huiles","17":"product_tag-menthe-poivree","18":"product_tag-moringa","19":"product_tag-noix-de-coco","20":"product_tag-togosunnyhuile","22":"first","23":"instock","24":"shipping-taxable","25":"purchasable","26":"product-type-simple"},"_links":{"self":[{"href":"https:\/\/www.togosunny.com\/fr\/wp-json\/wp\/v2\/product\/27426","targetHints":{"allow":["GET"]}}],"collection":[{"href":"https:\/\/www.togosunny.com\/fr\/wp-json\/wp\/v2\/product"}],"about":[{"href":"https:\/\/www.togosunny.com\/fr\/wp-json\/wp\/v2\/types\/product"}],"replies":[{"embeddable":true,"href":"https:\/\/www.togosunny.com\/fr\/wp-json\/wp\/v2\/comments?post=27426"}],"wp:featuredmedia":[{"embeddable":true,"href":"https:\/\/www.togosunny.com\/fr\/wp-json\/wp\/v2\/media\/27425"}],"wp:attachment":[{"href":"https:\/\/www.togosunny.com\/fr\/wp-json\/wp\/v2\/media?parent=27426"}],"wp:term":[{"taxonomy":"product_brand","embeddable":true,"href":"https:\/\/www.togosunny.com\/fr\/wp-json\/wp\/v2\/product_brand?post=27426"},{"taxonomy":"product_cat","embeddable":true,"href":"https:\/\/www.togosunny.com\/fr\/wp-json\/wp\/v2\/product_cat?post=27426"},{"taxonomy":"product_tag","embeddable":true,"href":"https:\/\/www.togosunny.com\/fr\/wp-json\/wp\/v2\/product_tag?post=27426"}],"curies":[{"name":"wp","href":"https:\/\/api.w.org\/{rel}","templated":true}]}}