{"id":27433,"date":"2025-01-26T00:19:12","date_gmt":"2025-01-25T22:19:12","guid":{"rendered":"https:\/\/togosunny.com\/huile-de-cannelle-19-e-10-ml\/"},"modified":"2026-03-16T23:01:33","modified_gmt":"2026-03-16T21:01:33","slug":"huile-de-cannelle-19-e-10-ml","status":"publish","type":"product","link":"https:\/\/www.togosunny.com\/fr\/huile-de-cannelle-19-e-10-ml\/","title":{"rendered":"Huile de cannelle &#8211; 19 \u20ac \/ 10 ml"},"content":{"rendered":"<h4><span style=\"font-weight: 400;\"><strong>L\u2019huile essentielle de cannelle<\/strong> est traditionnellement utilis\u00e9e pour : les troubles respiratoires, ses propri\u00e9t\u00e9s antibact\u00e9riennes, l\u2019\u00e9quilibre du syst\u00e8me nerveux, les naus\u00e9es, le diab\u00e8te, la diarrh\u00e9e, etc.<\/span><\/h4>\n<h4><strong>Caract\u00e9ristiques de l\u2019huile essentielle de cannelle :<\/strong> L\u2019huile essentielle de feuille de cannelle de Ceylan est reconnue pour ses propri\u00e9t\u00e9s :<\/h4>\n<ul>\n<li>Anti-infectieuse<\/li>\n<li>Antifongique, antiparasitaire<\/li>\n<li>Antivirale et antibact\u00e9rienne<\/li>\n<li>Stimulante gastro-intestinale, aide \u00e0 lutter contre la fermentation intestinale<\/li>\n<li>Tonique et stimulante g\u00e9n\u00e9rale<\/li>\n<li>Effet r\u00e9chauffant<\/li>\n<\/ul>\n<h4><strong>Utilisations :<\/strong> Elle est traditionnellement utilis\u00e9e pour am\u00e9liorer les situations suivantes :<\/h4>\n<ul>\n<li>Infections de toutes sortes : infections intestinales (diarrh\u00e9e, parasites), infections urinaires (cystite), infections de la bouche et de la peau (mycoses, verrues, etc.), infections tropicales, etc.<\/li>\n<li>Impuissance masculine<\/li>\n<li>Somnolence, asth\u00e9nie, faiblesse<\/li>\n<\/ul>\n<p>\u26a0\ufe0f Les propri\u00e9t\u00e9s, indications et modes d\u2019utilisation mentionn\u00e9s ci-dessus proviennent d\u2019ouvrages ou de sites de r\u00e9f\u00e9rence en aromath\u00e9rapie, hydrolath\u00e9rapie et phytoth\u00e9rapie. Ces informations sont fournies \u00e0 titre informatif uniquement et ne constituent en aucun cas un avis m\u00e9dical. Elles ne peuvent en aucun cas remplacer un diagnostic, une consultation ou un suivi m\u00e9dical, ni engager notre responsabilit\u00e9. En cas de doute, nous vous recommandons de consulter un professionnel de sant\u00e9 avant d\u2019utiliser des huiles essentielles.<\/p>\n<p><a href=\"https:\/\/togosunny.com\/fr\/huile-essentielle-aromatique\/\" target=\"_blank\" rel=\"noopener\">Lire plus sur les huiles essentielles<\/a><\/p>\n","protected":false},"excerpt":{"rendered":"<p><span style=\"font-weight: 400;\"><strong>Notre huile essentielle de cannelle est une huile pure, saine et concentr\u00e9e de haute qualit\u00e9.<\/strong> Elle est l\u00e9g\u00e8rement recommand\u00e9e pour une application sur la peau et pour le massage, et \u00e9galement recommand\u00e9e pour la diffusion atmosph\u00e9rique. Elle peut aussi \u00eatre utilis\u00e9e, avec mod\u00e9ration, pour aromatiser les aliments. En revanche, elle n\u2019est pas recommand\u00e9e comme ingr\u00e9dient actif cosm\u00e9tique ni pour les bains aromatiques. Les feuilles du cannellier produisent une huile \u00e9pic\u00e9e semblable au clou de girofle, connue pour ses propri\u00e9t\u00e9s purifiantes. Elle est \u00e9galement utile pour r\u00e9duire les odeurs d\u00e9sagr\u00e9ables telles que celles de la cuisine, du tabac, etc.<\/span><\/p>\n<p><span style=\"font-weight: 400;\">La cannelle cultiv\u00e9e, produite et distill\u00e9e au Togo fait partie des huiles essentielles issues de <em>Cinnamomum zeylanicum<\/em> reconnues pour leur qualit\u00e9. Elle est utilis\u00e9e en aromath\u00e9rapie et en cosm\u00e9tique et poss\u00e8de diverses propri\u00e9t\u00e9s appr\u00e9ci\u00e9es pour le bien-\u00eatre.<\/span><\/p>\n","protected":false},"featured_media":27432,"comment_status":"open","ping_status":"closed","template":"","meta":[],"product_brand":[],"product_cat":[857,861],"product_tag":[984,988,986,1006,987,985,1007,983,1009,989,990,992],"class_list":{"0":"post-27433","1":"product","2":"type-product","3":"status-publish","4":"has-post-thumbnail","6":"product_cat---huiles-pures-et-non-raffinees","7":"product_cat--huiles-essentielles-et-aromatiques","8":"product_tag-aromatique","9":"product_tag-avocat","10":"product_tag-basilic-africain","11":"product_tag-calebasse","12":"product_tag-cannelle","13":"product_tag-distillate","14":"product_tag-huile","15":"product_tag-huiles","16":"product_tag-menthe-poivree","17":"product_tag-moringa","18":"product_tag-noix-de-coco","19":"product_tag-togosunnyhuile","21":"first","22":"instock","23":"shipping-taxable","24":"purchasable","25":"product-type-simple"},"_links":{"self":[{"href":"https:\/\/www.togosunny.com\/fr\/wp-json\/wp\/v2\/product\/27433","targetHints":{"allow":["GET"]}}],"collection":[{"href":"https:\/\/www.togosunny.com\/fr\/wp-json\/wp\/v2\/product"}],"about":[{"href":"https:\/\/www.togosunny.com\/fr\/wp-json\/wp\/v2\/types\/product"}],"replies":[{"embeddable":true,"href":"https:\/\/www.togosunny.com\/fr\/wp-json\/wp\/v2\/comments?post=27433"}],"wp:featuredmedia":[{"embeddable":true,"href":"https:\/\/www.togosunny.com\/fr\/wp-json\/wp\/v2\/media\/27432"}],"wp:attachment":[{"href":"https:\/\/www.togosunny.com\/fr\/wp-json\/wp\/v2\/media?parent=27433"}],"wp:term":[{"taxonomy":"product_brand","embeddable":true,"href":"https:\/\/www.togosunny.com\/fr\/wp-json\/wp\/v2\/product_brand?post=27433"},{"taxonomy":"product_cat","embeddable":true,"href":"https:\/\/www.togosunny.com\/fr\/wp-json\/wp\/v2\/product_cat?post=27433"},{"taxonomy":"product_tag","embeddable":true,"href":"https:\/\/www.togosunny.com\/fr\/wp-json\/wp\/v2\/product_tag?post=27433"}],"curies":[{"name":"wp","href":"https:\/\/api.w.org\/{rel}","templated":true}]}}