{"id":27446,"date":"2025-01-26T00:13:15","date_gmt":"2025-01-25T22:13:15","guid":{"rendered":"https:\/\/togosunny.com\/huile-de-basilic-africain-20-e-10-ml\/"},"modified":"2026-03-17T15:51:22","modified_gmt":"2026-03-17T13:51:22","slug":"huile-de-basilic-africain-20-e-10-ml","status":"publish","type":"product","link":"https:\/\/www.togosunny.com\/fr\/huile-de-basilic-africain-20-e-10-ml\/","title":{"rendered":"Huile de basilic africain &#8211; 20 \u20ac \/ 10 ml"},"content":{"rendered":"<h4><span style=\"font-weight: 400;\"><strong>Huile essentielle de basilic africain<\/strong> <span style=\"color: #000000;\">est traditionnellement utilis\u00e9e pour : Acn\u00e9, boutons, fatigue, \u00e9puisement, vers intestinaux<\/span><\/span><\/h4>\n<h4><strong>Caract\u00e9ristiques de l\u2019huile essentielle de basilic africain :<\/strong> <span style=\"color: #000000;\">Dans le domaine de la sant\u00e9, l\u2019huile essentielle de basilic africain est reconnue pour ses propri\u00e9t\u00e9s :<\/span><\/h4>\n<h4><strong>Propri\u00e9t\u00e9s pour la sant\u00e9<\/strong><\/h4>\n<ul>\n<li>Aide \u00e0 renforcer le syst\u00e8me immunitaire.<\/li>\n<li>Des \u00e9tudes montrent qu\u2019elle peut aider \u00e0 r\u00e9guler les triglyc\u00e9rides sanguins, le sucre et le cholest\u00e9rol.<\/li>\n<li>Antioxydante<\/li>\n<li>Anti-infectieuse : antibact\u00e9rienne, antivirale, antiparasitaire et antifongique.<\/li>\n<li>Antalgique et antispasmodique<\/li>\n<\/ul>\n<h4><strong>Propri\u00e9t\u00e9s bien-\u00eatre<\/strong><\/h4>\n<ul>\n<li>Tonique mental, revitalisante<\/li>\n<li>Am\u00e9liore la confiance en soi, aide \u00e0 se sentir fort (aux yeux des autres et \u00e0 ses propres yeux).<\/li>\n<li>Encourage la d\u00e9couverte de soi.<\/li>\n<li>Prot\u00e8ge l\u2019ego et limite les attitudes d\u2019auto-sacrifice envers les autres.<\/li>\n<li>Aide \u00e0 d\u00e9couvrir son potentiel et \u00e0 atteindre ses objectifs.<\/li>\n<li>En Ayurveda, cette huile essentielle est associ\u00e9e au chakra racine : Muladhara. Sa couleur est le rouge.<\/li>\n<\/ul>\n<h4><strong>Propri\u00e9t\u00e9s beaut\u00e9<\/strong><\/h4>\n<ul>\n<li>Puissant antioxydant, gr\u00e2ce \u00e0 sa teneur en eug\u00e9nol, l\u2019huile essentielle de basilic sacr\u00e9 est un excellent anti-\u00e2ge.<\/li>\n<li>Purifiante, lutte contre les imperfections<\/li>\n<\/ul>\n<h4><strong>Utilisations en sant\u00e9<\/strong> <span style=\"color: #000000;\">Elle est traditionnellement utilis\u00e9e pour am\u00e9liorer les conditions suivantes :<\/span><\/h4>\n<p>Cholest\u00e9rol, diab\u00e8te, exc\u00e8s de triglyc\u00e9rides<br \/>\nInfections des voies respiratoires<br \/>\nDouleurs musculaires ou articulaires : crampes, \u00e9tirements musculaires, arthrite, arthrose, rhumatismes<br \/>\nParasites intestinaux, infections fongiques<br \/>\nAssainissement des locaux<br \/>\nAbc\u00e8s cutan\u00e9s, acn\u00e9<\/p>\n<h4 class=\"container__title\"><strong>Utilisations en bien-\u00eatre<\/strong> <span style=\"color: #000000;\">Syst\u00e8mes nerveux fragiles<\/span><\/h4>\n<h4 class=\"container__title\"><span style=\"color: #000000;\">Manque de dynamisme, de volont\u00e9 et de pers\u00e9v\u00e9rance<\/span><\/h4>\n<h4 class=\"container__title\"><span style=\"color: #000000;\">Fatigue mentale et physique<\/span><\/h4>\n<h4 class=\"container__title\"><span style=\"color: #000000;\">Ind\u00e9cision<\/span><\/h4>\n<h4 class=\"container__title\"><span style=\"color: #000000;\">Perte de confiance en soi et en l\u2019avenir<\/span><\/h4>\n<h4 class=\"container__title\"><span style=\"color: #000000;\">Manque d\u2019\u00e9nergie<\/span><\/h4>\n<h4><strong>Utilisations en beaut\u00e9<\/strong><\/h4>\n<h4><span style=\"color: #000000;\">Peaux matures, peaux rid\u00e9es<\/span><\/h4>\n<h4><span style=\"color: #000000;\">Peaux fatigu\u00e9es<\/span><\/h4>\n<h4><span style=\"color: #000000;\">Peaux \u00e0 imperfections<\/span><\/h4>\n<p>\u26a0\ufe0f Les propri\u00e9t\u00e9s, indications et modes d\u2019utilisation ci-dessus sont des citations issues d\u2019ouvrages ou de sites de r\u00e9f\u00e9rence en aromath\u00e9rapie, hydrolath\u00e9rapie et phytoth\u00e9rapie. Ces informations sont fournies \u00e0 titre informatif uniquement et ne constituent en aucun cas une information m\u00e9dicale. Elles ne peuvent en aucun cas se substituer \u00e0 un diagnostic, une consultation ou un suivi m\u00e9dical, ni engager notre responsabilit\u00e9. En cas de doute, il est recommand\u00e9 de consulter un m\u00e9decin avant toute utilisation des huiles essentielles.<\/p>\n<p><a href=\"https:\/\/togosunny.com\/fr\/huile-essentielle-aromatique\/\" target=\"_blank\" rel=\"noopener\">Lire plus sur les huiles essentielles<\/a><\/p>\n","protected":false},"excerpt":{"rendered":"<p><span style=\"font-weight: 400;\">Tonique et purifiante, <strong>l\u2019huile essentielle de basilic africain<\/strong> est appr\u00e9ci\u00e9e pour sa richesse en compos\u00e9s antioxydants. Tr\u00e8s \u00e9nergisante, elle est reconnue pour ses effets stimulants sur le corps et l\u2019esprit. Elle peut \u00eatre utilis\u00e9e en application cutan\u00e9e et en massage, comme actif cosm\u00e9tique, et \u00e9galement pour la pr\u00e9paration d\u2019un bain aromatique.<\/span><\/p>\n<p><span style=\"font-weight: 400;\"><strong>La n\u00f4tre est une huile pure, saine et concentr\u00e9e, de haute qualit\u00e9<\/strong>. Elle convient \u00e0 une application sur la peau et aux massages, ainsi qu\u2019\u00e0 une utilisation comme ingr\u00e9dient actif en cosm\u00e9tique et, de plus, pour une diffusion atmosph\u00e9rique id\u00e9ale. Elle est adapt\u00e9e \u00e0 un bain aromatique. Une utilisation alimentaire est possible, mais non recommand\u00e9e.<\/span><\/p>\n<p><span style=\"font-weight: 400;\">Le basilic africain, cultiv\u00e9, produit et distill\u00e9 au Togo, donne l\u2019une des meilleures huiles essentielles au monde issues de l\u2019<em>Ocimum gratissimum<\/em>, utilis\u00e9e en aromath\u00e9rapie et en cosm\u00e9tique, avec de nombreuses propri\u00e9t\u00e9s b\u00e9n\u00e9fiques pour l\u2019\u00eatre humain. Elle est particuli\u00e8rement appr\u00e9ci\u00e9e pour ses multiples usages.<\/span><\/p>\n","protected":false},"featured_media":27445,"comment_status":"open","ping_status":"closed","template":"","meta":[],"product_brand":[],"product_cat":[857,861],"product_tag":[984,988,986,987,1008,985,982,1007,1032,983,1009,989,990,992],"class_list":{"0":"post-27446","1":"product","2":"type-product","3":"status-publish","4":"has-post-thumbnail","6":"product_cat---huiles-pures-et-non-raffinees","7":"product_cat--huiles-essentielles-et-aromatiques","8":"product_tag-aromatique","9":"product_tag-avocat","10":"product_tag-basilic-africain","11":"product_tag-cannelle","12":"product_tag-citronnelle","13":"product_tag-distillate","14":"product_tag-essentiel","15":"product_tag-huile","16":"product_tag-huile-de-basilic-africain-20-e-10-ml","17":"product_tag-huiles","18":"product_tag-menthe-poivree","19":"product_tag-moringa","20":"product_tag-noix-de-coco","21":"product_tag-togosunnyhuile","23":"first","24":"instock","25":"shipping-taxable","26":"purchasable","27":"product-type-simple"},"_links":{"self":[{"href":"https:\/\/www.togosunny.com\/fr\/wp-json\/wp\/v2\/product\/27446","targetHints":{"allow":["GET"]}}],"collection":[{"href":"https:\/\/www.togosunny.com\/fr\/wp-json\/wp\/v2\/product"}],"about":[{"href":"https:\/\/www.togosunny.com\/fr\/wp-json\/wp\/v2\/types\/product"}],"replies":[{"embeddable":true,"href":"https:\/\/www.togosunny.com\/fr\/wp-json\/wp\/v2\/comments?post=27446"}],"wp:featuredmedia":[{"embeddable":true,"href":"https:\/\/www.togosunny.com\/fr\/wp-json\/wp\/v2\/media\/27445"}],"wp:attachment":[{"href":"https:\/\/www.togosunny.com\/fr\/wp-json\/wp\/v2\/media?parent=27446"}],"wp:term":[{"taxonomy":"product_brand","embeddable":true,"href":"https:\/\/www.togosunny.com\/fr\/wp-json\/wp\/v2\/product_brand?post=27446"},{"taxonomy":"product_cat","embeddable":true,"href":"https:\/\/www.togosunny.com\/fr\/wp-json\/wp\/v2\/product_cat?post=27446"},{"taxonomy":"product_tag","embeddable":true,"href":"https:\/\/www.togosunny.com\/fr\/wp-json\/wp\/v2\/product_tag?post=27446"}],"curies":[{"name":"wp","href":"https:\/\/api.w.org\/{rel}","templated":true}]}}